{"id":114,"date":"2010-07-18T10:40:44","date_gmt":"2010-07-18T09:40:44","guid":{"rendered":"http:\/\/www.ng-versand.de\/blog\/impressum\/"},"modified":"2020-11-22T16:32:31","modified_gmt":"2020-11-22T15:32:31","slug":"impressum","status":"publish","type":"page","link":"https:\/\/www.ng-versand.de\/blog\/impressum\/","title":{"rendered":"Impressum"},"content":{"rendered":"<p><a href=\"https:\/\/www.ng-versand.de\/blog\/impressum\/im-pr-ng\/\" rel=\"attachment wp-att-610\"><img loading=\"lazy\" decoding=\"async\" class=\"aligncenter size-full wp-image-610\" src=\"https:\/\/www.ng-versand.de\/blog\/wp-content\/uploads\/im-pr-ng.jpg\" alt=\"\" width=\"400\" height=\"273\" srcset=\"https:\/\/www.ng-versand.de\/blog\/wp-content\/uploads\/im-pr-ng.jpg 400w, https:\/\/www.ng-versand.de\/blog\/wp-content\/uploads\/im-pr-ng-300x205.jpg 300w\" sizes=\"auto, (max-width: 400px) 100vw, 400px\" \/><\/a><\/p>\n<p>Mit Urteil vom 12. Mai 1998 hat das Landgericht Hamburg entschieden, dass durch die Ausbringung und Weiterverbreitung eines Links die Inhalte dieser gelinkten Seite gegebenenfalls mit zu verantworten sind. Dies k\u00f6nne, so das Landgericht Hamburg weiter im Urteil, nur dadurch verhindert werden, indem man sich ausdr\u00fccklich von diesen Inhalten distanziert. Auch diese WebSite hat Seiten-Links zu anderen Seiten im Internet hergestellt. F\u00fcr alle diese Links gilt somit: Diese WebSite hat keinerlei Einfluss auf die Gestaltung und die Inhalte der gelinkten Seiten. Deshalb distanziert sich diese WebSite grunds\u00e4tzlich hiermit ausdr\u00fccklich von s\u00e4mtlichen Inhalten aller gelinkten Seiten auf dieser WebSite und macht sich diese Inhalte selbstverst\u00e4ndlich auch nicht zu Eigen. Diese Erkl\u00e4rung gilt f\u00fcr die Inhalte aller Seiten, zu denen Banner und auch Links f\u00fchren!<\/p>\n<p>Unerlaubte Verwendung, Reproduktion oder Wiedergabe von Texten, Grafiken und des Layouts unterliegen dem Urheberrecht und d\u00fcrfen ohne Genehmigung nicht verwendet, ver\u00f6ffentlicht und nachprojeziert werden, auch nicht in Ausz\u00fcgen! Eine Erlaubnis zur Nutzung des Inhalts bedarf der ausdr\u00fccklichen Genehmigung. Alle genannten Marken sind Eigentum ihrer jeweiligen Inhaber.<\/p>\n","protected":false},"excerpt":{"rendered":"<p>Mit Urteil vom 12. Mai 1998 hat das Landgericht Hamburg entschieden, dass durch die Ausbringung und Weiterverbreitung eines Links die Inhalte dieser gelinkten Seite gegebenenfalls mit zu verantworten sind. Dies k\u00f6nne, so das Landgericht Hamburg weiter im Urteil, nur dadurch verhindert werden, indem man sich ausdr\u00fccklich von diesen Inhalten distanziert. Auch diese WebSite hat Seiten-Links [&hellip;]<\/p>\n","protected":false},"author":1,"featured_media":0,"parent":0,"menu_order":0,"comment_status":"closed","ping_status":"closed","template":"","meta":{"footnotes":""},"class_list":["post-114","page","type-page","status-publish","hentry"],"aioseo_notices":[],"_links":{"self":[{"href":"https:\/\/www.ng-versand.de\/blog\/wp-json\/wp\/v2\/pages\/114","targetHints":{"allow":["GET"]}}],"collection":[{"href":"https:\/\/www.ng-versand.de\/blog\/wp-json\/wp\/v2\/pages"}],"about":[{"href":"https:\/\/www.ng-versand.de\/blog\/wp-json\/wp\/v2\/types\/page"}],"author":[{"embeddable":true,"href":"https:\/\/www.ng-versand.de\/blog\/wp-json\/wp\/v2\/users\/1"}],"replies":[{"embeddable":true,"href":"https:\/\/www.ng-versand.de\/blog\/wp-json\/wp\/v2\/comments?post=114"}],"version-history":[{"count":12,"href":"https:\/\/www.ng-versand.de\/blog\/wp-json\/wp\/v2\/pages\/114\/revisions"}],"predecessor-version":[{"id":612,"href":"https:\/\/www.ng-versand.de\/blog\/wp-json\/wp\/v2\/pages\/114\/revisions\/612"}],"wp:attachment":[{"href":"https:\/\/www.ng-versand.de\/blog\/wp-json\/wp\/v2\/media?parent=114"}],"curies":[{"name":"wp","href":"https:\/\/api.w.org\/{rel}","templated":true}]}}